{"id":11,"date":"2025-11-13T12:22:47","date_gmt":"2025-11-13T12:22:47","guid":{"rendered":"https:\/\/cafeteriamokka.rkinformatika.online\/?page_id=11"},"modified":"2025-11-17T09:20:37","modified_gmt":"2025-11-17T09:20:37","slug":"servicios","status":"publish","type":"page","link":"https:\/\/cafeteriamokka.com\/eu\/servicios\/","title":{"rendered":"Zerbitzuak"},"content":{"rendered":"\t\t<div data-elementor-type=\"wp-page\" data-elementor-id=\"11\" class=\"elementor elementor-11\" data-elementor-post-type=\"page\">\n\t\t\t\t<div class=\"elementor-element elementor-element-e7aef35 e-flex e-con-boxed e-con e-parent\" data-id=\"e7aef35\" data-element_type=\"container\" data-e-type=\"container\" data-settings=\"{&quot;background_background&quot;:&quot;slideshow&quot;,&quot;background_slideshow_gallery&quot;:[{&quot;id&quot;:127,&quot;url&quot;:&quot;https:\\\/\\\/cafeteriamokka.com\\\/wp-content\\\/uploads\\\/2025\\\/11\\\/14510.jpg&quot;},{&quot;id&quot;:128,&quot;url&quot;:&quot;https:\\\/\\\/cafeteriamokka.com\\\/wp-content\\\/uploads\\\/2025\\\/11\\\/10910477.jpg&quot;}],&quot;background_slideshow_lazyload&quot;:&quot;yes&quot;,&quot;background_slideshow_ken_burns&quot;:&quot;yes&quot;,&quot;animation&quot;:&quot;none&quot;,&quot;background_slideshow_loop&quot;:&quot;yes&quot;,&quot;background_slideshow_slide_duration&quot;:5000,&quot;background_slideshow_slide_transition&quot;:&quot;fade&quot;,&quot;background_slideshow_transition_duration&quot;:500,&quot;background_slideshow_ken_burns_zoom_direction&quot;:&quot;in&quot;}\">\n\t\t\t\t\t<div class=\"e-con-inner\">\n\t\t<div class=\"elementor-element elementor-element-0489c2d e-con-full e-flex e-con e-child\" data-id=\"0489c2d\" data-element_type=\"container\" data-e-type=\"container\">\n\t\t\t\t<div class=\"elementor-element elementor-element-f3bf3c9 elementor-widget elementor-widget-heading\" data-id=\"f3bf3c9\" data-element_type=\"widget\" data-e-type=\"widget\" data-widget_type=\"heading.default\">\n\t\t\t\t\t<h2 class=\"elementor-heading-title elementor-size-default\">Pinchos, boller\u00eda y rabas de domingo con buena m\u00fasica y amigos.<\/h2>\t\t\t\t<\/div>\n\t\t\t\t<\/div>\n\t\t\t\t\t<\/div>\n\t\t\t\t<\/div>\n\t\t<div class=\"elementor-element elementor-element-fd0a0dd e-flex e-con-boxed e-con e-parent\" data-id=\"fd0a0dd\" data-element_type=\"container\" data-e-type=\"container\">\n\t\t\t\t\t<div class=\"e-con-inner\">\n\t\t<div class=\"elementor-element elementor-element-5b4963e e-con-full e-flex e-con e-child\" data-id=\"5b4963e\" data-element_type=\"container\" data-e-type=\"container\">\n\t\t\t\t<div class=\"elementor-element elementor-element-9227b8d elementor-widget elementor-widget-image\" data-id=\"9227b8d\" data-element_type=\"widget\" data-e-type=\"widget\" data-widget_type=\"image.default\">\n\t\t\t\t\t\t\t\t\t\t\t\t\t\t\t<img fetchpriority=\"high\" decoding=\"async\" width=\"1500\" height=\"1000\" src=\"https:\/\/cafeteriamokka.com\/wp-content\/uploads\/2025\/11\/48947.jpg\" class=\"attachment-full size-full wp-image-134\" alt=\"\" srcset=\"https:\/\/cafeteriamokka.com\/wp-content\/uploads\/2025\/11\/48947.jpg 1500w, https:\/\/cafeteriamokka.com\/wp-content\/uploads\/2025\/11\/48947-300x200.jpg 300w, https:\/\/cafeteriamokka.com\/wp-content\/uploads\/2025\/11\/48947-1024x683.jpg 1024w, https:\/\/cafeteriamokka.com\/wp-content\/uploads\/2025\/11\/48947-768x512.jpg 768w, https:\/\/cafeteriamokka.com\/wp-content\/uploads\/2025\/11\/48947-18x12.jpg 18w\" sizes=\"(max-width: 1500px) 100vw, 1500px\" \/>\t\t\t\t\t\t\t\t\t\t\t\t\t\t\t<\/div>\n\t\t\t\t<div class=\"elementor-element elementor-element-36283a5 elementor-widget elementor-widget-heading\" data-id=\"36283a5\" data-element_type=\"widget\" data-e-type=\"widget\" data-widget_type=\"heading.default\">\n\t\t\t\t\t<h2 class=\"elementor-heading-title elementor-size-default\">Boller\u00eda<\/h2>\t\t\t\t<\/div>\n\t\t\t\t<div class=\"elementor-element elementor-element-af1d0d0 elementor-widget elementor-widget-text-editor\" data-id=\"af1d0d0\" data-element_type=\"widget\" data-e-type=\"widget\" data-widget_type=\"text-editor.default\">\n\t\t\t\t\t\t\t\t\t<ul><li data-start=\"151\" data-end=\"195\"><p data-start=\"153\" data-end=\"195\">Boller\u00eda (croissants, napolitanas, etc.)<\/p><\/li><li data-start=\"196\" data-end=\"220\"><p data-start=\"198\" data-end=\"220\">Pasteles por encargo.<\/p><\/li><\/ul>\t\t\t\t\t\t\t\t<\/div>\n\t\t\t\t<\/div>\n\t\t<div class=\"elementor-element elementor-element-ee3afb7 e-con-full e-flex e-con e-child\" data-id=\"ee3afb7\" data-element_type=\"container\" data-e-type=\"container\">\n\t\t\t\t<div class=\"elementor-element elementor-element-0ffaabb elementor-widget elementor-widget-image\" data-id=\"0ffaabb\" data-element_type=\"widget\" data-e-type=\"widget\" data-widget_type=\"image.default\">\n\t\t\t\t\t\t\t\t\t\t\t\t\t\t\t<img decoding=\"async\" width=\"1500\" height=\"1071\" src=\"https:\/\/cafeteriamokka.com\/wp-content\/uploads\/2025\/11\/2150168161.jpg\" class=\"attachment-full size-full wp-image-135\" alt=\"\" srcset=\"https:\/\/cafeteriamokka.com\/wp-content\/uploads\/2025\/11\/2150168161.jpg 1500w, https:\/\/cafeteriamokka.com\/wp-content\/uploads\/2025\/11\/2150168161-300x214.jpg 300w, https:\/\/cafeteriamokka.com\/wp-content\/uploads\/2025\/11\/2150168161-1024x731.jpg 1024w, https:\/\/cafeteriamokka.com\/wp-content\/uploads\/2025\/11\/2150168161-768x548.jpg 768w, https:\/\/cafeteriamokka.com\/wp-content\/uploads\/2025\/11\/2150168161-18x12.jpg 18w\" sizes=\"(max-width: 1500px) 100vw, 1500px\" \/>\t\t\t\t\t\t\t\t\t\t\t\t\t\t\t<\/div>\n\t\t\t\t<div class=\"elementor-element elementor-element-6672070 elementor-widget elementor-widget-heading\" data-id=\"6672070\" data-element_type=\"widget\" data-e-type=\"widget\" data-widget_type=\"heading.default\">\n\t\t\t\t\t<h2 class=\"elementor-heading-title elementor-size-default\">Tapas<\/h2>\t\t\t\t<\/div>\n\t\t\t\t<div class=\"elementor-element elementor-element-28ce7bd elementor-widget elementor-widget-text-editor\" data-id=\"28ce7bd\" data-element_type=\"widget\" data-e-type=\"widget\" data-widget_type=\"text-editor.default\">\n\t\t\t\t\t\t\t\t\t<ul><li data-start=\"254\" data-end=\"278\"><p data-start=\"256\" data-end=\"278\">Pinchos (variedades)<\/p><\/li><li data-start=\"279\" data-end=\"292\"><p data-start=\"281\" data-end=\"292\">Tortillas<\/p><\/li><li data-start=\"293\" data-end=\"331\"><p data-start=\"295\" data-end=\"331\">Rabas (los domingos)<\/p><\/li><\/ul>\t\t\t\t\t\t\t\t<\/div>\n\t\t\t\t<\/div>\n\t\t<div class=\"elementor-element elementor-element-50f49d3 e-con-full e-flex e-con e-child\" data-id=\"50f49d3\" data-element_type=\"container\" data-e-type=\"container\">\n\t\t\t\t<div class=\"elementor-element elementor-element-1bdf68d elementor-widget elementor-widget-image\" data-id=\"1bdf68d\" data-element_type=\"widget\" data-e-type=\"widget\" data-widget_type=\"image.default\">\n\t\t\t\t\t\t\t\t\t\t\t\t\t\t\t<img decoding=\"async\" width=\"1500\" height=\"1000\" src=\"https:\/\/cafeteriamokka.com\/wp-content\/uploads\/2025\/11\/35878.jpg\" class=\"attachment-full size-full wp-image-133\" alt=\"\" srcset=\"https:\/\/cafeteriamokka.com\/wp-content\/uploads\/2025\/11\/35878.jpg 1500w, https:\/\/cafeteriamokka.com\/wp-content\/uploads\/2025\/11\/35878-300x200.jpg 300w, https:\/\/cafeteriamokka.com\/wp-content\/uploads\/2025\/11\/35878-1024x683.jpg 1024w, https:\/\/cafeteriamokka.com\/wp-content\/uploads\/2025\/11\/35878-768x512.jpg 768w, https:\/\/cafeteriamokka.com\/wp-content\/uploads\/2025\/11\/35878-18x12.jpg 18w\" sizes=\"(max-width: 1500px) 100vw, 1500px\" \/>\t\t\t\t\t\t\t\t\t\t\t\t\t\t\t<\/div>\n\t\t\t\t<div class=\"elementor-element elementor-element-2d8446c elementor-widget elementor-widget-heading\" data-id=\"2d8446c\" data-element_type=\"widget\" data-e-type=\"widget\" data-widget_type=\"heading.default\">\n\t\t\t\t\t<h2 class=\"elementor-heading-title elementor-size-default\">Sandwiches y comida para llevar<\/h2>\t\t\t\t<\/div>\n\t\t\t\t<div class=\"elementor-element elementor-element-6225dca elementor-widget elementor-widget-text-editor\" data-id=\"6225dca\" data-element_type=\"widget\" data-e-type=\"widget\" data-widget_type=\"text-editor.default\">\n\t\t\t\t\t\t\t\t\t<ul><li data-start=\"380\" data-end=\"394\"><p data-start=\"382\" data-end=\"394\">Sandwiches<\/p><\/li><li data-start=\"395\" data-end=\"445\"><p data-start=\"397\" data-end=\"445\">Tortillas y pinchos para levar<\/p><\/li><\/ul>\t\t\t\t\t\t\t\t<\/div>\n\t\t\t\t<\/div>\n\t\t\t\t\t<\/div>\n\t\t\t\t<\/div>\n\t\t<div class=\"elementor-element elementor-element-fadd388 e-flex e-con-boxed e-con e-parent\" data-id=\"fadd388\" data-element_type=\"container\" data-e-type=\"container\">\n\t\t\t\t\t<div class=\"e-con-inner\">\n\t\t\t\t<div class=\"elementor-element elementor-element-ed14eb7 elementor-widget elementor-widget-heading\" data-id=\"ed14eb7\" data-element_type=\"widget\" data-e-type=\"widget\" data-widget_type=\"heading.default\">\n\t\t\t\t\t<h2 class=\"elementor-heading-title elementor-size-default\">Galer\u00eda<\/h2>\t\t\t\t<\/div>\n\t\t\t\t<div class=\"elementor-element elementor-element-59c7f29 elementor-widget elementor-widget-gallery\" data-id=\"59c7f29\" data-element_type=\"widget\" data-e-type=\"widget\" data-settings=\"{&quot;columns&quot;:3,&quot;lazyload&quot;:&quot;yes&quot;,&quot;gallery_layout&quot;:&quot;grid&quot;,&quot;columns_tablet&quot;:2,&quot;columns_mobile&quot;:1,&quot;gap&quot;:{&quot;unit&quot;:&quot;px&quot;,&quot;size&quot;:10,&quot;sizes&quot;:[]},&quot;gap_tablet&quot;:{&quot;unit&quot;:&quot;px&quot;,&quot;size&quot;:10,&quot;sizes&quot;:[]},&quot;gap_mobile&quot;:{&quot;unit&quot;:&quot;px&quot;,&quot;size&quot;:10,&quot;sizes&quot;:[]},&quot;link_to&quot;:&quot;file&quot;,&quot;aspect_ratio&quot;:&quot;3:2&quot;,&quot;overlay_background&quot;:&quot;yes&quot;,&quot;content_hover_animation&quot;:&quot;fade-in&quot;}\" data-widget_type=\"gallery.default\">\n\t\t\t\t\t\t\t<div class=\"elementor-gallery__container\">\n\t\t\t\t\t\t\t<a class=\"e-gallery-item elementor-gallery-item elementor-animated-content\" href=\"https:\/\/cafeteriamokka.com\/wp-content\/uploads\/2025\/11\/WhatsApp-Image-2025-11-14-at-10.53.32.jpeg\" data-elementor-open-lightbox=\"yes\" data-elementor-lightbox-slideshow=\"59c7f29\" data-elementor-lightbox-title=\"WhatsApp Image 2025-11-14 at 10.53.32\" data-e-action-hash=\"#elementor-action%3Aaction%3Dlightbox%26settings%3DeyJpZCI6MzE4LCJ1cmwiOiJodHRwczpcL1wvY2FmZXRlcmlhbW9ra2EuY29tXC93cC1jb250ZW50XC91cGxvYWRzXC8yMDI1XC8xMVwvV2hhdHNBcHAtSW1hZ2UtMjAyNS0xMS0xNC1hdC0xMC41My4zMi5qcGVnIiwic2xpZGVzaG93IjoiNTljN2YyOSJ9\">\n\t\t\t\t\t<div class=\"e-gallery-image elementor-gallery-item__image\" data-thumbnail=\"https:\/\/cafeteriamokka.com\/wp-content\/uploads\/2025\/11\/WhatsApp-Image-2025-11-14-at-10.53.32.jpeg\" data-width=\"1028\" data-height=\"1498\" aria-label=\"\" role=\"img\" ><\/div>\n\t\t\t\t\t\t\t\t\t\t\t<div class=\"elementor-gallery-item__overlay\"><\/div>\n\t\t\t\t\t\t\t\t\t\t\t\t\t\t<\/a>\n\t\t\t\t\t\t\t<a class=\"e-gallery-item elementor-gallery-item elementor-animated-content\" href=\"https:\/\/cafeteriamokka.com\/wp-content\/uploads\/2025\/11\/2-1.png\" data-elementor-open-lightbox=\"yes\" data-elementor-lightbox-slideshow=\"59c7f29\" data-elementor-lightbox-title=\"2\" data-e-action-hash=\"#elementor-action%3Aaction%3Dlightbox%26settings%3DeyJpZCI6MTg3LCJ1cmwiOiJodHRwczpcL1wvY2FmZXRlcmlhbW9ra2EuY29tXC93cC1jb250ZW50XC91cGxvYWRzXC8yMDI1XC8xMVwvMi0xLnBuZyIsInNsaWRlc2hvdyI6IjU5YzdmMjkifQ%3D%3D\">\n\t\t\t\t\t<div class=\"e-gallery-image elementor-gallery-item__image\" data-thumbnail=\"https:\/\/cafeteriamokka.com\/wp-content\/uploads\/2025\/11\/2-1.png\" data-width=\"1000\" data-height=\"500\" aria-label=\"\" role=\"img\" ><\/div>\n\t\t\t\t\t\t\t\t\t\t\t<div class=\"elementor-gallery-item__overlay\"><\/div>\n\t\t\t\t\t\t\t\t\t\t\t\t\t\t<\/a>\n\t\t\t\t\t\t\t<a class=\"e-gallery-item elementor-gallery-item elementor-animated-content\" href=\"https:\/\/cafeteriamokka.com\/wp-content\/uploads\/2025\/11\/WhatsApp-Image-2025-11-14-at-10.41.29.jpeg\" data-elementor-open-lightbox=\"yes\" data-elementor-lightbox-slideshow=\"59c7f29\" data-elementor-lightbox-title=\"WhatsApp Image 2025-11-14 at 10.41.29\" data-e-action-hash=\"#elementor-action%3Aaction%3Dlightbox%26settings%3DeyJpZCI6MjczLCJ1cmwiOiJodHRwczpcL1wvY2FmZXRlcmlhbW9ra2EuY29tXC93cC1jb250ZW50XC91cGxvYWRzXC8yMDI1XC8xMVwvV2hhdHNBcHAtSW1hZ2UtMjAyNS0xMS0xNC1hdC0xMC40MS4yOS5qcGVnIiwic2xpZGVzaG93IjoiNTljN2YyOSJ9\">\n\t\t\t\t\t<div class=\"e-gallery-image elementor-gallery-item__image\" data-thumbnail=\"https:\/\/cafeteriamokka.com\/wp-content\/uploads\/2025\/11\/WhatsApp-Image-2025-11-14-at-10.41.29.jpeg\" data-width=\"2000\" data-height=\"1125\" aria-label=\"\" role=\"img\" ><\/div>\n\t\t\t\t\t\t\t\t\t\t\t<div class=\"elementor-gallery-item__overlay\"><\/div>\n\t\t\t\t\t\t\t\t\t\t\t\t\t\t<\/a>\n\t\t\t\t\t\t\t<a class=\"e-gallery-item elementor-gallery-item elementor-animated-content\" href=\"https:\/\/cafeteriamokka.com\/wp-content\/uploads\/2025\/11\/3.png\" data-elementor-open-lightbox=\"yes\" data-elementor-lightbox-slideshow=\"59c7f29\" data-elementor-lightbox-title=\"3\" data-e-action-hash=\"#elementor-action%3Aaction%3Dlightbox%26settings%3DeyJpZCI6MTg1LCJ1cmwiOiJodHRwczpcL1wvY2FmZXRlcmlhbW9ra2EuY29tXC93cC1jb250ZW50XC91cGxvYWRzXC8yMDI1XC8xMVwvMy5wbmciLCJzbGlkZXNob3ciOiI1OWM3ZjI5In0%3D\">\n\t\t\t\t\t<div class=\"e-gallery-image elementor-gallery-item__image\" data-thumbnail=\"https:\/\/cafeteriamokka.com\/wp-content\/uploads\/2025\/11\/3.png\" data-width=\"700\" data-height=\"500\" aria-label=\"\" role=\"img\" ><\/div>\n\t\t\t\t\t\t\t\t\t\t\t<div class=\"elementor-gallery-item__overlay\"><\/div>\n\t\t\t\t\t\t\t\t\t\t\t\t\t\t<\/a>\n\t\t\t\t\t\t\t<a class=\"e-gallery-item elementor-gallery-item elementor-animated-content\" href=\"https:\/\/cafeteriamokka.com\/wp-content\/uploads\/2025\/11\/2.png\" data-elementor-open-lightbox=\"yes\" data-elementor-lightbox-slideshow=\"59c7f29\" data-elementor-lightbox-title=\"2\" data-e-action-hash=\"#elementor-action%3Aaction%3Dlightbox%26settings%3DeyJpZCI6MTg0LCJ1cmwiOiJodHRwczpcL1wvY2FmZXRlcmlhbW9ra2EuY29tXC93cC1jb250ZW50XC91cGxvYWRzXC8yMDI1XC8xMVwvMi5wbmciLCJzbGlkZXNob3ciOiI1OWM3ZjI5In0%3D\">\n\t\t\t\t\t<div class=\"e-gallery-image elementor-gallery-item__image\" data-thumbnail=\"https:\/\/cafeteriamokka.com\/wp-content\/uploads\/2025\/11\/2.png\" data-width=\"700\" data-height=\"500\" aria-label=\"\" role=\"img\" ><\/div>\n\t\t\t\t\t\t\t\t\t\t\t<div class=\"elementor-gallery-item__overlay\"><\/div>\n\t\t\t\t\t\t\t\t\t\t\t\t\t\t<\/a>\n\t\t\t\t\t\t\t<a class=\"e-gallery-item elementor-gallery-item elementor-animated-content\" href=\"https:\/\/cafeteriamokka.com\/wp-content\/uploads\/2025\/11\/1.png\" data-elementor-open-lightbox=\"yes\" data-elementor-lightbox-slideshow=\"59c7f29\" data-elementor-lightbox-title=\"1\" data-e-action-hash=\"#elementor-action%3Aaction%3Dlightbox%26settings%3DeyJpZCI6MTgzLCJ1cmwiOiJodHRwczpcL1wvY2FmZXRlcmlhbW9ra2EuY29tXC93cC1jb250ZW50XC91cGxvYWRzXC8yMDI1XC8xMVwvMS5wbmciLCJzbGlkZXNob3ciOiI1OWM3ZjI5In0%3D\">\n\t\t\t\t\t<div class=\"e-gallery-image elementor-gallery-item__image\" data-thumbnail=\"https:\/\/cafeteriamokka.com\/wp-content\/uploads\/2025\/11\/1.png\" data-width=\"700\" data-height=\"500\" aria-label=\"\" role=\"img\" ><\/div>\n\t\t\t\t\t\t\t\t\t\t\t<div class=\"elementor-gallery-item__overlay\"><\/div>\n\t\t\t\t\t\t\t\t\t\t\t\t\t\t<\/a>\n\t\t\t\t\t<\/div>\n\t\t\t\t\t<\/div>\n\t\t\t\t\t<\/div>\n\t\t\t\t<\/div>\n\t\t<div class=\"elementor-element elementor-element-5b81a19 e-flex e-con-boxed e-con e-parent\" data-id=\"5b81a19\" data-element_type=\"container\" data-e-type=\"container\" data-settings=\"{&quot;background_background&quot;:&quot;classic&quot;}\">\n\t\t\t\t\t<div class=\"e-con-inner\">\n\t\t\t\t<div class=\"elementor-element elementor-element-bba35ab elementor-invisible elementor-widget elementor-widget-heading\" data-id=\"bba35ab\" data-element_type=\"widget\" data-e-type=\"widget\" data-settings=\"{&quot;_animation&quot;:&quot;fadeInRight&quot;}\" data-widget_type=\"heading.default\">\n\t\t\t\t\t<h2 class=\"elementor-heading-title elementor-size-default\">\u00a1Terraza con buena m\u00fasica para disfrutar con amigos!<\/h2>\t\t\t\t<\/div>\n\t\t\t\t<div class=\"elementor-element elementor-element-7a4bf33 elementor-tablet-align-center elementor-align-center elementor-invisible elementor-widget elementor-widget-button\" data-id=\"7a4bf33\" data-element_type=\"widget\" data-e-type=\"widget\" data-settings=\"{&quot;_animation&quot;:&quot;fadeInLeft&quot;}\" data-widget_type=\"button.default\">\n\t\t\t\t\t\t\t\t\t\t<a class=\"elementor-button elementor-button-link elementor-size-sm elementor-animation-pop\" href=\"\/contacto\">\n\t\t\t\t\t\t<span class=\"elementor-button-content-wrapper\">\n\t\t\t\t\t\t\t\t\t<span class=\"elementor-button-text\">CONTACTO<\/span>\n\t\t\t\t\t<\/span>\n\t\t\t\t\t<\/a>\n\t\t\t\t\t\t\t\t<\/div>\n\t\t\t\t\t<\/div>\n\t\t\t\t<\/div>\n\t\t\t\t<\/div>\n\t\t","protected":false},"excerpt":{"rendered":"<p>Pinchos, boller\u00eda y rabas de domingo con buena m\u00fasica y amigos. Boller\u00eda Boller\u00eda (croissants, napolitanas, etc.) Pasteles por encargo. Tapas Pinchos (variedades) Tortillas Rabas (los domingos) Sandwiches y comida para llevar Sandwiches Tortillas y pinchos para levar Galer\u00eda \u00a1Terraza con buena m\u00fasica para disfrutar con amigos! CONTACTO<\/p>","protected":false},"author":1,"featured_media":0,"parent":0,"menu_order":0,"comment_status":"closed","ping_status":"closed","template":"elementor_canvas","meta":{"footnotes":""},"class_list":["post-11","page","type-page","status-publish","hentry"],"yoast_head":"<!-- This site is optimized with the Yoast SEO plugin v27.3 - https:\/\/yoast.com\/product\/yoast-seo-wordpress\/ -->\n<title>Servicios - Cafeter\u00eda Mokka<\/title>\n<meta name=\"robots\" content=\"index, follow, max-snippet:-1, max-image-preview:large, max-video-preview:-1\" \/>\n<link rel=\"canonical\" href=\"https:\/\/cafeteriamokka.com\/eu\/servicios\/\" \/>\n<meta property=\"og:locale\" content=\"en_US\" \/>\n<meta property=\"og:type\" content=\"article\" \/>\n<meta property=\"og:title\" content=\"Servicios - Cafeter\u00eda Mokka\" \/>\n<meta property=\"og:description\" content=\"Pinchos, boller\u00eda y rabas de domingo con buena m\u00fasica y amigos. Boller\u00eda Boller\u00eda (croissants, napolitanas, etc.) Pasteles por encargo. Tapas Pinchos (variedades) Tortillas Rabas (los domingos) Sandwiches y comida para llevar Sandwiches Tortillas y pinchos para levar Galer\u00eda \u00a1Terraza con buena m\u00fasica para disfrutar con amigos! CONTACTO\" \/>\n<meta property=\"og:url\" content=\"https:\/\/cafeteriamokka.com\/eu\/servicios\/\" \/>\n<meta property=\"og:site_name\" content=\"Cafeter\u00eda Mokka\" \/>\n<meta property=\"article:modified_time\" content=\"2025-11-17T09:20:37+00:00\" \/>\n<meta property=\"og:image\" content=\"https:\/\/cafeteriamokka.com\/wp-content\/uploads\/2025\/11\/48947.jpg\" \/>\n<meta name=\"twitter:card\" content=\"summary_large_image\" \/>\n<script type=\"application\/ld+json\" class=\"yoast-schema-graph\">{\"@context\":\"https:\\\/\\\/schema.org\",\"@graph\":[{\"@type\":\"WebPage\",\"@id\":\"https:\\\/\\\/cafeteriamokka.com\\\/servicios\\\/\",\"url\":\"https:\\\/\\\/cafeteriamokka.com\\\/servicios\\\/\",\"name\":\"Servicios - Cafeter\u00eda Mokka\",\"isPartOf\":{\"@id\":\"https:\\\/\\\/cafeteriamokka.com\\\/#website\"},\"primaryImageOfPage\":{\"@id\":\"https:\\\/\\\/cafeteriamokka.com\\\/servicios\\\/#primaryimage\"},\"image\":{\"@id\":\"https:\\\/\\\/cafeteriamokka.com\\\/servicios\\\/#primaryimage\"},\"thumbnailUrl\":\"https:\\\/\\\/cafeteriamokka.com\\\/wp-content\\\/uploads\\\/2025\\\/11\\\/48947.jpg\",\"datePublished\":\"2025-11-13T12:22:47+00:00\",\"dateModified\":\"2025-11-17T09:20:37+00:00\",\"breadcrumb\":{\"@id\":\"https:\\\/\\\/cafeteriamokka.com\\\/servicios\\\/#breadcrumb\"},\"inLanguage\":\"eu\",\"potentialAction\":[{\"@type\":\"ReadAction\",\"target\":[\"https:\\\/\\\/cafeteriamokka.com\\\/servicios\\\/\"]}]},{\"@type\":\"ImageObject\",\"inLanguage\":\"eu\",\"@id\":\"https:\\\/\\\/cafeteriamokka.com\\\/servicios\\\/#primaryimage\",\"url\":\"https:\\\/\\\/cafeteriamokka.com\\\/wp-content\\\/uploads\\\/2025\\\/11\\\/48947.jpg\",\"contentUrl\":\"https:\\\/\\\/cafeteriamokka.com\\\/wp-content\\\/uploads\\\/2025\\\/11\\\/48947.jpg\"},{\"@type\":\"BreadcrumbList\",\"@id\":\"https:\\\/\\\/cafeteriamokka.com\\\/servicios\\\/#breadcrumb\",\"itemListElement\":[{\"@type\":\"ListItem\",\"position\":1,\"name\":\"Portada\",\"item\":\"https:\\\/\\\/cafeteriamokka.com\\\/\"},{\"@type\":\"ListItem\",\"position\":2,\"name\":\"Servicios\"}]},{\"@type\":\"WebSite\",\"@id\":\"https:\\\/\\\/cafeteriamokka.com\\\/#website\",\"url\":\"https:\\\/\\\/cafeteriamokka.com\\\/\",\"name\":\"Cafeter\u00eda Mokka\",\"description\":\"Cafeter\u00eda\",\"publisher\":{\"@id\":\"https:\\\/\\\/cafeteriamokka.com\\\/#organization\"},\"potentialAction\":[{\"@type\":\"SearchAction\",\"target\":{\"@type\":\"EntryPoint\",\"urlTemplate\":\"https:\\\/\\\/cafeteriamokka.com\\\/?s={search_term_string}\"},\"query-input\":{\"@type\":\"PropertyValueSpecification\",\"valueRequired\":true,\"valueName\":\"search_term_string\"}}],\"inLanguage\":\"eu\"},{\"@type\":\"Organization\",\"@id\":\"https:\\\/\\\/cafeteriamokka.com\\\/#organization\",\"name\":\"Cafeter\u00eda Mokka\",\"url\":\"https:\\\/\\\/cafeteriamokka.com\\\/\",\"logo\":{\"@type\":\"ImageObject\",\"inLanguage\":\"eu\",\"@id\":\"https:\\\/\\\/cafeteriamokka.com\\\/#\\\/schema\\\/logo\\\/image\\\/\",\"url\":\"https:\\\/\\\/cafeteriamokka.com\\\/wp-content\\\/uploads\\\/2025\\\/11\\\/cropped-cafeteriamokka202506_logoarriba.jpg\",\"contentUrl\":\"https:\\\/\\\/cafeteriamokka.com\\\/wp-content\\\/uploads\\\/2025\\\/11\\\/cropped-cafeteriamokka202506_logoarriba.jpg\",\"width\":346,\"height\":142,\"caption\":\"Cafeter\u00eda Mokka\"},\"image\":{\"@id\":\"https:\\\/\\\/cafeteriamokka.com\\\/#\\\/schema\\\/logo\\\/image\\\/\"}}]}<\/script>\n<!-- \/ Yoast SEO plugin. -->","yoast_head_json":{"title":"Servicios - Cafeter\u00eda Mokka","robots":{"index":"index","follow":"follow","max-snippet":"max-snippet:-1","max-image-preview":"max-image-preview:large","max-video-preview":"max-video-preview:-1"},"canonical":"https:\/\/cafeteriamokka.com\/eu\/servicios\/","og_locale":"en_US","og_type":"article","og_title":"Servicios - Cafeter\u00eda Mokka","og_description":"Pinchos, boller\u00eda y rabas de domingo con buena m\u00fasica y amigos. Boller\u00eda Boller\u00eda (croissants, napolitanas, etc.) Pasteles por encargo. Tapas Pinchos (variedades) Tortillas Rabas (los domingos) Sandwiches y comida para llevar Sandwiches Tortillas y pinchos para levar Galer\u00eda \u00a1Terraza con buena m\u00fasica para disfrutar con amigos! CONTACTO","og_url":"https:\/\/cafeteriamokka.com\/eu\/servicios\/","og_site_name":"Cafeter\u00eda Mokka","article_modified_time":"2025-11-17T09:20:37+00:00","og_image":[{"url":"https:\/\/cafeteriamokka.com\/wp-content\/uploads\/2025\/11\/48947.jpg","type":"","width":"","height":""}],"twitter_card":"summary_large_image","schema":{"@context":"https:\/\/schema.org","@graph":[{"@type":"WebPage","@id":"https:\/\/cafeteriamokka.com\/servicios\/","url":"https:\/\/cafeteriamokka.com\/servicios\/","name":"Servicios - Cafeter\u00eda Mokka","isPartOf":{"@id":"https:\/\/cafeteriamokka.com\/#website"},"primaryImageOfPage":{"@id":"https:\/\/cafeteriamokka.com\/servicios\/#primaryimage"},"image":{"@id":"https:\/\/cafeteriamokka.com\/servicios\/#primaryimage"},"thumbnailUrl":"https:\/\/cafeteriamokka.com\/wp-content\/uploads\/2025\/11\/48947.jpg","datePublished":"2025-11-13T12:22:47+00:00","dateModified":"2025-11-17T09:20:37+00:00","breadcrumb":{"@id":"https:\/\/cafeteriamokka.com\/servicios\/#breadcrumb"},"inLanguage":"eu","potentialAction":[{"@type":"ReadAction","target":["https:\/\/cafeteriamokka.com\/servicios\/"]}]},{"@type":"ImageObject","inLanguage":"eu","@id":"https:\/\/cafeteriamokka.com\/servicios\/#primaryimage","url":"https:\/\/cafeteriamokka.com\/wp-content\/uploads\/2025\/11\/48947.jpg","contentUrl":"https:\/\/cafeteriamokka.com\/wp-content\/uploads\/2025\/11\/48947.jpg"},{"@type":"BreadcrumbList","@id":"https:\/\/cafeteriamokka.com\/servicios\/#breadcrumb","itemListElement":[{"@type":"ListItem","position":1,"name":"Portada","item":"https:\/\/cafeteriamokka.com\/"},{"@type":"ListItem","position":2,"name":"Servicios"}]},{"@type":"WebSite","@id":"https:\/\/cafeteriamokka.com\/#website","url":"https:\/\/cafeteriamokka.com\/","name":"Mokka kafetegia","description":"Cafeter\u00eda","publisher":{"@id":"https:\/\/cafeteriamokka.com\/#organization"},"potentialAction":[{"@type":"SearchAction","target":{"@type":"EntryPoint","urlTemplate":"https:\/\/cafeteriamokka.com\/?s={search_term_string}"},"query-input":{"@type":"PropertyValueSpecification","valueRequired":true,"valueName":"search_term_string"}}],"inLanguage":"eu"},{"@type":"Organization","@id":"https:\/\/cafeteriamokka.com\/#organization","name":"Mokka kafetegia","url":"https:\/\/cafeteriamokka.com\/","logo":{"@type":"ImageObject","inLanguage":"eu","@id":"https:\/\/cafeteriamokka.com\/#\/schema\/logo\/image\/","url":"https:\/\/cafeteriamokka.com\/wp-content\/uploads\/2025\/11\/cropped-cafeteriamokka202506_logoarriba.jpg","contentUrl":"https:\/\/cafeteriamokka.com\/wp-content\/uploads\/2025\/11\/cropped-cafeteriamokka202506_logoarriba.jpg","width":346,"height":142,"caption":"Cafeter\u00eda Mokka"},"image":{"@id":"https:\/\/cafeteriamokka.com\/#\/schema\/logo\/image\/"}}]}},"_links":{"self":[{"href":"https:\/\/cafeteriamokka.com\/eu\/wp-json\/wp\/v2\/pages\/11","targetHints":{"allow":["GET"]}}],"collection":[{"href":"https:\/\/cafeteriamokka.com\/eu\/wp-json\/wp\/v2\/pages"}],"about":[{"href":"https:\/\/cafeteriamokka.com\/eu\/wp-json\/wp\/v2\/types\/page"}],"author":[{"embeddable":true,"href":"https:\/\/cafeteriamokka.com\/eu\/wp-json\/wp\/v2\/users\/1"}],"replies":[{"embeddable":true,"href":"https:\/\/cafeteriamokka.com\/eu\/wp-json\/wp\/v2\/comments?post=11"}],"version-history":[{"count":70,"href":"https:\/\/cafeteriamokka.com\/eu\/wp-json\/wp\/v2\/pages\/11\/revisions"}],"predecessor-version":[{"id":327,"href":"https:\/\/cafeteriamokka.com\/eu\/wp-json\/wp\/v2\/pages\/11\/revisions\/327"}],"wp:attachment":[{"href":"https:\/\/cafeteriamokka.com\/eu\/wp-json\/wp\/v2\/media?parent=11"}],"curies":[{"name":"wp","href":"https:\/\/api.w.org\/{rel}","templated":true}]}}