{"id":8,"date":"2025-11-13T12:20:26","date_gmt":"2025-11-13T12:20:26","guid":{"rendered":"https:\/\/cafeteriamokka.rkinformatika.online\/?page_id=8"},"modified":"2025-11-17T09:23:27","modified_gmt":"2025-11-17T09:23:27","slug":"inicio","status":"publish","type":"page","link":"https:\/\/cafeteriamokka.com\/eu\/","title":{"rendered":"Hasiera"},"content":{"rendered":"<div data-elementor-type=\"wp-page\" data-elementor-id=\"8\" class=\"elementor elementor-8\" data-elementor-post-type=\"page\">\n\t\t\t\t<div class=\"elementor-element elementor-element-37ee02f e-flex e-con-boxed elementor-invisible e-con e-parent\" data-id=\"37ee02f\" data-element_type=\"container\" data-e-type=\"container\" data-settings=\"{&quot;background_background&quot;:&quot;classic&quot;,&quot;animation&quot;:&quot;fadeInDown&quot;}\">\n\t\t\t\t\t<div class=\"e-con-inner\">\n\t\t<div class=\"elementor-element elementor-element-57debac e-con-full e-flex e-con e-child\" data-id=\"57debac\" data-element_type=\"container\" data-e-type=\"container\">\n\t\t\t\t<div class=\"elementor-element elementor-element-694aec1 elementor-widget elementor-widget-heading\" data-id=\"694aec1\" data-element_type=\"widget\" data-e-type=\"widget\" data-widget_type=\"heading.default\">\n\t\t\t\t\t<h2 class=\"elementor-heading-title elementor-size-default\">Zatoz, eseri gure terrazan eta gozatu bizitzaz<\/h2>\t\t\t\t<\/div>\n\t\t\t\t<div class=\"elementor-element elementor-element-223fe63 elementor-widget elementor-widget-heading\" data-id=\"223fe63\" data-element_type=\"widget\" data-e-type=\"widget\" data-widget_type=\"heading.default\">\n\t\t\t\t\t<h2 class=\"elementor-heading-title elementor-size-default\">Mokka kafetegia<\/h2>\t\t\t\t<\/div>\n\t\t\t\t<\/div>\n\t\t\t\t\t<\/div>\n\t\t\t\t<\/div>\n\t\t<div class=\"elementor-element elementor-element-450c88b e-flex e-con-boxed elementor-invisible e-con e-parent\" data-id=\"450c88b\" data-element_type=\"container\" data-e-type=\"container\" data-settings=\"{&quot;animation&quot;:&quot;zoomIn&quot;}\">\n\t\t\t\t\t<div class=\"e-con-inner\">\n\t\t\t\t<div class=\"elementor-element elementor-element-5827751 elementor-widget elementor-widget-heading\" data-id=\"5827751\" data-element_type=\"widget\" data-e-type=\"widget\" data-widget_type=\"heading.default\">\n\t\t\t\t\t<h2 class=\"elementor-heading-title elementor-size-default\">Guri Buruz<\/h2>\t\t\t\t<\/div>\n\t\t\t\t<div class=\"elementor-element elementor-element-8043686 elementor-widget elementor-widget-text-editor\" data-id=\"8043686\" data-element_type=\"widget\" data-e-type=\"widget\" data-widget_type=\"text-editor.default\">\n\t\t\t\t\t\t\t\t\t<p>Gure ostalaritza txokoan bizitzako plazer txikiez gozatzeko leku ezin hobea aurkituko duzu: janari ona, musika ona eta konpainiarik onena.<\/p><p>Gure pintxo barra beti fresko eta askotarikoagatik gara ezagunak, lagunartean edari batekin laguntzeko ezin hobeak. Gainera, enkarguzko opil eta pastel sorta goxoa eskaintzen dugu, gozogileentzat edo une bereziak ospatzeko bikainak.<\/p><p>Igandeak buztanezkoak dira, gure terraza zaporez eta giroz betetzen duen tradizioa. Hemen, astebururo, alaitasunez, musika onez eta gure espezialitateen usain jasanezinaz bizi gara.<\/p><p>Tortillak, pintxoak eta sandwichak ere prestatzen ditugu eramateko, edozein lekutan goza dezazun gure zaporeaz.<\/p><p>Azken batean, gustu ona, hurbiltasuna eta familia giroa uztartzen diren lekua gara, esperientzia paregabea eskaintzeko.<\/p>\t\t\t\t\t\t\t\t<\/div>\n\t\t\t\t\t<\/div>\n\t\t\t\t<\/div>\n\t\t<div class=\"elementor-element elementor-element-417e106 e-flex e-con-boxed elementor-invisible e-con e-parent\" data-id=\"417e106\" data-element_type=\"container\" data-e-type=\"container\" data-settings=\"{&quot;animation&quot;:&quot;fadeInUp&quot;}\">\n\t\t\t\t\t<div class=\"e-con-inner\">\n\t\t\t\t<div class=\"elementor-element elementor-element-25aa989 elementor-widget elementor-widget-image\" data-id=\"25aa989\" data-element_type=\"widget\" data-e-type=\"widget\" data-widget_type=\"image.default\">\n\t\t\t\t\t\t\t\t\t\t\t\t\t\t\t<img fetchpriority=\"high\" decoding=\"async\" width=\"2048\" height=\"852\" src=\"https:\/\/cafeteriamokka.com\/wp-content\/uploads\/2025\/11\/WhatsApp-Image-2025-11-12-at-11.20.56-5.jpeg\" class=\"attachment-full size-full wp-image-83\" alt=\"\" srcset=\"https:\/\/cafeteriamokka.com\/wp-content\/uploads\/2025\/11\/WhatsApp-Image-2025-11-12-at-11.20.56-5.jpeg 2048w, https:\/\/cafeteriamokka.com\/wp-content\/uploads\/2025\/11\/WhatsApp-Image-2025-11-12-at-11.20.56-5-300x125.jpeg 300w, https:\/\/cafeteriamokka.com\/wp-content\/uploads\/2025\/11\/WhatsApp-Image-2025-11-12-at-11.20.56-5-1024x426.jpeg 1024w, https:\/\/cafeteriamokka.com\/wp-content\/uploads\/2025\/11\/WhatsApp-Image-2025-11-12-at-11.20.56-5-768x320.jpeg 768w, https:\/\/cafeteriamokka.com\/wp-content\/uploads\/2025\/11\/WhatsApp-Image-2025-11-12-at-11.20.56-5-1536x639.jpeg 1536w, https:\/\/cafeteriamokka.com\/wp-content\/uploads\/2025\/11\/WhatsApp-Image-2025-11-12-at-11.20.56-5-18x7.jpeg 18w\" sizes=\"(max-width: 2048px) 100vw, 2048px\" \/>\t\t\t\t\t\t\t\t\t\t\t\t\t\t\t<\/div>\n\t\t\t\t\t<\/div>\n\t\t\t\t<\/div>\n\t\t\t\t<section class=\"elementor-section elementor-top-section elementor-element elementor-element-1b81051 elementor-section-boxed elementor-section-height-default elementor-section-height-default\" data-id=\"1b81051\" data-element_type=\"section\" data-e-type=\"section\" data-settings=\"{&quot;background_background&quot;:&quot;classic&quot;}\">\n\t\t\t\t\t\t\t<div class=\"elementor-background-overlay\"><\/div>\n\t\t\t\t\t\t\t<div class=\"elementor-container elementor-column-gap-default\">\n\t\t\t\t\t<div class=\"elementor-column elementor-col-100 elementor-top-column elementor-element elementor-element-68fa074\" data-id=\"68fa074\" data-element_type=\"column\" data-e-type=\"column\">\n\t\t\t<div class=\"elementor-widget-wrap elementor-element-populated\">\n\t\t\t\t\t\t<div class=\"elementor-element elementor-element-7fa97a1 elementor-widget elementor-widget-heading\" data-id=\"7fa97a1\" data-element_type=\"widget\" data-e-type=\"widget\" data-widget_type=\"heading.default\">\n\t\t\t\t\t<h2 class=\"elementor-heading-title elementor-size-default\">lagunekin gozatzeko uneak<\/h2>\t\t\t\t<\/div>\n\t\t\t\t<div class=\"elementor-element elementor-element-1ed4c6c elementor-align-center elementor-widget elementor-widget-button\" data-id=\"1ed4c6c\" data-element_type=\"widget\" data-e-type=\"widget\" data-widget_type=\"button.default\">\n\t\t\t\t\t\t\t\t\t\t<a class=\"elementor-button elementor-button-link elementor-size-sm elementor-animation-hang\" href=\"\/eu\/servicios\/\">\n\t\t\t\t\t\t<span class=\"elementor-button-content-wrapper\">\n\t\t\t\t\t\t\t\t\t<span class=\"elementor-button-text\">Zerbitzuak<\/span>\n\t\t\t\t\t<\/span>\n\t\t\t\t\t<\/a>\n\t\t\t\t\t\t\t\t<\/div>\n\t\t\t\t\t<\/div>\n\t\t<\/div>\n\t\t\t\t\t<\/div>\n\t\t<\/section>\n\t\t\t\t<\/div>","protected":false},"excerpt":{"rendered":"<p>Ven, si\u00e9ntate en nuestra terraza y disfruta de la vida Cafeter\u00eda Mokka Sobre Nosotros En nuestro rinc\u00f3n de hosteler\u00eda encontrar\u00e1s el lugar perfecto para disfrutar de los peque\u00f1os placeres de la vida: buena comida, buena m\u00fasica y la mejor compa\u00f1\u00eda. Somos conocidos por nuestra barra de pinchos siempre fresca y variada, ideales para acompa\u00f1ar con [&hellip;]<\/p>\n","protected":false},"author":1,"featured_media":0,"parent":0,"menu_order":0,"comment_status":"closed","ping_status":"closed","template":"elementor_canvas","meta":{"footnotes":""},"class_list":["post-8","page","type-page","status-publish","hentry"],"yoast_head":"<!-- This site is optimized with the Yoast SEO plugin v27.3 - https:\/\/yoast.com\/product\/yoast-seo-wordpress\/ -->\n<title>Inicio - Cafeter\u00eda Mokka<\/title>\n<meta name=\"robots\" content=\"index, follow, max-snippet:-1, max-image-preview:large, max-video-preview:-1\" \/>\n<link rel=\"canonical\" href=\"https:\/\/cafeteriamokka.com\/eu\/\" \/>\n<meta property=\"og:locale\" content=\"en_US\" \/>\n<meta property=\"og:type\" content=\"article\" \/>\n<meta property=\"og:title\" content=\"Inicio - Cafeter\u00eda Mokka\" \/>\n<meta property=\"og:description\" content=\"Ven, si\u00e9ntate en nuestra terraza y disfruta de la vida Cafeter\u00eda Mokka Sobre Nosotros En nuestro rinc\u00f3n de hosteler\u00eda encontrar\u00e1s el lugar perfecto para disfrutar de los peque\u00f1os placeres de la vida: buena comida, buena m\u00fasica y la mejor compa\u00f1\u00eda. Somos conocidos por nuestra barra de pinchos siempre fresca y variada, ideales para acompa\u00f1ar con [&hellip;]\" \/>\n<meta property=\"og:url\" content=\"https:\/\/cafeteriamokka.com\/eu\/\" \/>\n<meta property=\"og:site_name\" content=\"Cafeter\u00eda Mokka\" \/>\n<meta property=\"article:modified_time\" content=\"2025-11-17T09:23:27+00:00\" \/>\n<meta property=\"og:image\" content=\"https:\/\/cafeteriamokka.com\/wp-content\/uploads\/2025\/11\/WhatsApp-Image-2025-11-12-at-11.20.56-5.jpeg\" \/>\n<meta name=\"twitter:card\" content=\"summary_large_image\" \/>\n<meta name=\"twitter:label1\" content=\"Est. reading time\" \/>\n\t<meta name=\"twitter:data1\" content=\"1 minutua\" \/>\n<script type=\"application\/ld+json\" class=\"yoast-schema-graph\">{\"@context\":\"https:\\\/\\\/schema.org\",\"@graph\":[{\"@type\":\"WebPage\",\"@id\":\"https:\\\/\\\/cafeteriamokka.com\\\/\",\"url\":\"https:\\\/\\\/cafeteriamokka.com\\\/\",\"name\":\"Inicio - Cafeter\u00eda Mokka\",\"isPartOf\":{\"@id\":\"https:\\\/\\\/cafeteriamokka.com\\\/#website\"},\"primaryImageOfPage\":{\"@id\":\"https:\\\/\\\/cafeteriamokka.com\\\/#primaryimage\"},\"image\":{\"@id\":\"https:\\\/\\\/cafeteriamokka.com\\\/#primaryimage\"},\"thumbnailUrl\":\"https:\\\/\\\/cafeteriamokka.com\\\/wp-content\\\/uploads\\\/2025\\\/11\\\/WhatsApp-Image-2025-11-12-at-11.20.56-5.jpeg\",\"datePublished\":\"2025-11-13T12:20:26+00:00\",\"dateModified\":\"2025-11-17T09:23:27+00:00\",\"breadcrumb\":{\"@id\":\"https:\\\/\\\/cafeteriamokka.com\\\/#breadcrumb\"},\"inLanguage\":\"eu\",\"potentialAction\":[{\"@type\":\"ReadAction\",\"target\":[\"https:\\\/\\\/cafeteriamokka.com\\\/\"]}]},{\"@type\":\"ImageObject\",\"inLanguage\":\"eu\",\"@id\":\"https:\\\/\\\/cafeteriamokka.com\\\/#primaryimage\",\"url\":\"https:\\\/\\\/cafeteriamokka.com\\\/wp-content\\\/uploads\\\/2025\\\/11\\\/WhatsApp-Image-2025-11-12-at-11.20.56-5.jpeg\",\"contentUrl\":\"https:\\\/\\\/cafeteriamokka.com\\\/wp-content\\\/uploads\\\/2025\\\/11\\\/WhatsApp-Image-2025-11-12-at-11.20.56-5.jpeg\"},{\"@type\":\"BreadcrumbList\",\"@id\":\"https:\\\/\\\/cafeteriamokka.com\\\/#breadcrumb\",\"itemListElement\":[{\"@type\":\"ListItem\",\"position\":1,\"name\":\"Portada\",\"item\":\"https:\\\/\\\/cafeteriamokka.com\\\/\"},{\"@type\":\"ListItem\",\"position\":2,\"name\":\"Inicio\"}]},{\"@type\":\"WebSite\",\"@id\":\"https:\\\/\\\/cafeteriamokka.com\\\/#website\",\"url\":\"https:\\\/\\\/cafeteriamokka.com\\\/\",\"name\":\"Cafeter\u00eda Mokka\",\"description\":\"Cafeter\u00eda\",\"publisher\":{\"@id\":\"https:\\\/\\\/cafeteriamokka.com\\\/#organization\"},\"potentialAction\":[{\"@type\":\"SearchAction\",\"target\":{\"@type\":\"EntryPoint\",\"urlTemplate\":\"https:\\\/\\\/cafeteriamokka.com\\\/?s={search_term_string}\"},\"query-input\":{\"@type\":\"PropertyValueSpecification\",\"valueRequired\":true,\"valueName\":\"search_term_string\"}}],\"inLanguage\":\"eu\"},{\"@type\":\"Organization\",\"@id\":\"https:\\\/\\\/cafeteriamokka.com\\\/#organization\",\"name\":\"Cafeter\u00eda Mokka\",\"url\":\"https:\\\/\\\/cafeteriamokka.com\\\/\",\"logo\":{\"@type\":\"ImageObject\",\"inLanguage\":\"eu\",\"@id\":\"https:\\\/\\\/cafeteriamokka.com\\\/#\\\/schema\\\/logo\\\/image\\\/\",\"url\":\"https:\\\/\\\/cafeteriamokka.com\\\/wp-content\\\/uploads\\\/2025\\\/11\\\/cropped-cafeteriamokka202506_logoarriba.jpg\",\"contentUrl\":\"https:\\\/\\\/cafeteriamokka.com\\\/wp-content\\\/uploads\\\/2025\\\/11\\\/cropped-cafeteriamokka202506_logoarriba.jpg\",\"width\":346,\"height\":142,\"caption\":\"Cafeter\u00eda Mokka\"},\"image\":{\"@id\":\"https:\\\/\\\/cafeteriamokka.com\\\/#\\\/schema\\\/logo\\\/image\\\/\"}}]}<\/script>\n<!-- \/ Yoast SEO plugin. -->","yoast_head_json":{"title":"Inicio - Cafeter\u00eda Mokka","robots":{"index":"index","follow":"follow","max-snippet":"max-snippet:-1","max-image-preview":"max-image-preview:large","max-video-preview":"max-video-preview:-1"},"canonical":"https:\/\/cafeteriamokka.com\/eu\/","og_locale":"en_US","og_type":"article","og_title":"Inicio - Cafeter\u00eda Mokka","og_description":"Ven, si\u00e9ntate en nuestra terraza y disfruta de la vida Cafeter\u00eda Mokka Sobre Nosotros En nuestro rinc\u00f3n de hosteler\u00eda encontrar\u00e1s el lugar perfecto para disfrutar de los peque\u00f1os placeres de la vida: buena comida, buena m\u00fasica y la mejor compa\u00f1\u00eda. Somos conocidos por nuestra barra de pinchos siempre fresca y variada, ideales para acompa\u00f1ar con [&hellip;]","og_url":"https:\/\/cafeteriamokka.com\/eu\/","og_site_name":"Cafeter\u00eda Mokka","article_modified_time":"2025-11-17T09:23:27+00:00","og_image":[{"url":"https:\/\/cafeteriamokka.com\/wp-content\/uploads\/2025\/11\/WhatsApp-Image-2025-11-12-at-11.20.56-5.jpeg","type":"","width":"","height":""}],"twitter_card":"summary_large_image","twitter_misc":{"Est. reading time":"1 minutua"},"schema":{"@context":"https:\/\/schema.org","@graph":[{"@type":"WebPage","@id":"https:\/\/cafeteriamokka.com\/","url":"https:\/\/cafeteriamokka.com\/","name":"Inicio - Cafeter\u00eda Mokka","isPartOf":{"@id":"https:\/\/cafeteriamokka.com\/#website"},"primaryImageOfPage":{"@id":"https:\/\/cafeteriamokka.com\/#primaryimage"},"image":{"@id":"https:\/\/cafeteriamokka.com\/#primaryimage"},"thumbnailUrl":"https:\/\/cafeteriamokka.com\/wp-content\/uploads\/2025\/11\/WhatsApp-Image-2025-11-12-at-11.20.56-5.jpeg","datePublished":"2025-11-13T12:20:26+00:00","dateModified":"2025-11-17T09:23:27+00:00","breadcrumb":{"@id":"https:\/\/cafeteriamokka.com\/#breadcrumb"},"inLanguage":"eu","potentialAction":[{"@type":"ReadAction","target":["https:\/\/cafeteriamokka.com\/"]}]},{"@type":"ImageObject","inLanguage":"eu","@id":"https:\/\/cafeteriamokka.com\/#primaryimage","url":"https:\/\/cafeteriamokka.com\/wp-content\/uploads\/2025\/11\/WhatsApp-Image-2025-11-12-at-11.20.56-5.jpeg","contentUrl":"https:\/\/cafeteriamokka.com\/wp-content\/uploads\/2025\/11\/WhatsApp-Image-2025-11-12-at-11.20.56-5.jpeg"},{"@type":"BreadcrumbList","@id":"https:\/\/cafeteriamokka.com\/#breadcrumb","itemListElement":[{"@type":"ListItem","position":1,"name":"Portada","item":"https:\/\/cafeteriamokka.com\/"},{"@type":"ListItem","position":2,"name":"Inicio"}]},{"@type":"WebSite","@id":"https:\/\/cafeteriamokka.com\/#website","url":"https:\/\/cafeteriamokka.com\/","name":"Mokka kafetegia","description":"Cafeter\u00eda","publisher":{"@id":"https:\/\/cafeteriamokka.com\/#organization"},"potentialAction":[{"@type":"SearchAction","target":{"@type":"EntryPoint","urlTemplate":"https:\/\/cafeteriamokka.com\/?s={search_term_string}"},"query-input":{"@type":"PropertyValueSpecification","valueRequired":true,"valueName":"search_term_string"}}],"inLanguage":"eu"},{"@type":"Organization","@id":"https:\/\/cafeteriamokka.com\/#organization","name":"Mokka kafetegia","url":"https:\/\/cafeteriamokka.com\/","logo":{"@type":"ImageObject","inLanguage":"eu","@id":"https:\/\/cafeteriamokka.com\/#\/schema\/logo\/image\/","url":"https:\/\/cafeteriamokka.com\/wp-content\/uploads\/2025\/11\/cropped-cafeteriamokka202506_logoarriba.jpg","contentUrl":"https:\/\/cafeteriamokka.com\/wp-content\/uploads\/2025\/11\/cropped-cafeteriamokka202506_logoarriba.jpg","width":346,"height":142,"caption":"Cafeter\u00eda Mokka"},"image":{"@id":"https:\/\/cafeteriamokka.com\/#\/schema\/logo\/image\/"}}]}},"_links":{"self":[{"href":"https:\/\/cafeteriamokka.com\/eu\/wp-json\/wp\/v2\/pages\/8","targetHints":{"allow":["GET"]}}],"collection":[{"href":"https:\/\/cafeteriamokka.com\/eu\/wp-json\/wp\/v2\/pages"}],"about":[{"href":"https:\/\/cafeteriamokka.com\/eu\/wp-json\/wp\/v2\/types\/page"}],"author":[{"embeddable":true,"href":"https:\/\/cafeteriamokka.com\/eu\/wp-json\/wp\/v2\/users\/1"}],"replies":[{"embeddable":true,"href":"https:\/\/cafeteriamokka.com\/eu\/wp-json\/wp\/v2\/comments?post=8"}],"version-history":[{"count":52,"href":"https:\/\/cafeteriamokka.com\/eu\/wp-json\/wp\/v2\/pages\/8\/revisions"}],"predecessor-version":[{"id":330,"href":"https:\/\/cafeteriamokka.com\/eu\/wp-json\/wp\/v2\/pages\/8\/revisions\/330"}],"wp:attachment":[{"href":"https:\/\/cafeteriamokka.com\/eu\/wp-json\/wp\/v2\/media?parent=8"}],"curies":[{"name":"wp","href":"https:\/\/api.w.org\/{rel}","templated":true}]}}